{"id":2709,"date":"2021-08-09T15:23:31","date_gmt":"2021-08-09T15:23:31","guid":{"rendered":"https:\/\/viron.com.mk\/terms-and-conditions\/"},"modified":"2021-09-09T08:29:57","modified_gmt":"2021-09-09T08:29:57","slug":"terms-and-conditions","status":"publish","type":"page","link":"https:\/\/viron.com.mk\/de\/terms-and-conditions\/","title":{"rendered":"Bedingungen und Konditionen"},"content":{"rendered":"<h1 style=\"text-align: center;\">Bedingungen und Konditionen<\/h1>\n<p>&nbsp;<\/p>\n<p>Zuletzt aktualisiert: 9. August 2021<\/p>\n<p>Bitte lesen Sie diese Nutzungsbedingungen (&#8222;Bedingungen&#8220;, &#8222;Nutzungsbedingungen&#8220;) sorgf\u00e4ltig durch, bevor Sie die von https:\/\/viron.com.mk (&#8222;uns&#8220;, &#8222;wir&#8220; oder &#8222;unser&#8220;) betriebene Website Viron (der &#8222;Dienst&#8220;) nutzen.<\/p>\n<p>Ihr Zugang zu und Ihre Nutzung des Dienstes setzt voraus, dass Sie die vorliegenden Bedingungen akzeptieren und einhalten. Diese Bedingungen gelten f\u00fcr alle Besucher, Nutzer und andere, die auf den Dienst zugreifen oder ihn nutzen.<\/p>\n<p>Durch den Zugriff auf den Dienst oder dessen Nutzung erkl\u00e4ren Sie sich mit diesen Bedingungen einverstanden. Wenn Sie mit irgendeinem Teil der Bedingungen nicht einverstanden sind, d\u00fcrfen Sie nicht auf den Dienst zugreifen.<\/p>\n<h2>Links zu anderen Websites<\/h2>\n<p>Unser Service kann Links zu Websites oder Diensten Dritter enthalten, die nicht im Besitz oder unter der Kontrolle von Viron.<\/p>\n<p>Viron hat keine Kontrolle \u00fcber und \u00fcbernimmt keine Verantwortung f\u00fcr den Inhalt, die Datenschutzrichtlinien oder die Praktiken von Websites oder Diensten Dritter. Sie erkennen ferner an und erkl\u00e4ren sich damit einverstanden, dass Viron weder direkt noch indirekt f\u00fcr Sch\u00e4den oder Verluste verantwortlich oder haftbar ist, die durch oder in Verbindung mit der Nutzung von oder dem Vertrauen auf solche Inhalte, Waren oder Dienste, die auf oder \u00fcber solche Websites oder Dienste verf\u00fcgbar sind, verursacht wurden oder angeblich verursacht wurden.<\/p>\n<p>Wir raten Ihnen dringend, die Gesch\u00e4ftsbedingungen und Datenschutzrichtlinien aller Websites oder Dienste Dritter, die Sie besuchen, zu lesen.<\/p>\n<h2>Terminierung<\/h2>\n<p>Wir k\u00f6nnen den Zugang zu unserem Service sofort und ohne Vorank\u00fcndigung oder Haftung beenden oder aussetzen, aus welchem Grund auch immer, einschlie\u00dflich und ohne Einschr\u00e4nkung, wenn Sie gegen die Bedingungen versto\u00dfen.<\/p>\n<p>Alle Bestimmungen der Bedingungen, die ihrer Natur nach die Beendigung \u00fcberdauern sollten, \u00fcberdauern die Beendigung, einschlie\u00dflich, aber nicht beschr\u00e4nkt auf Eigentumsbestimmungen, Gew\u00e4hrleistungsausschl\u00fcsse, Entsch\u00e4digungen und Haftungsbeschr\u00e4nkungen.<\/p>\n<h2>Haftungsausschluss<\/h2>\n<p>Die Nutzung des Dienstes erfolgt auf Ihr eigenes Risiko. Der Dienst wird auf einer &#8222;WIE BESEHEN&#8220;- und &#8222;WIE VERFUGBAR&#8220;-Basis bereitgestellt. Der Dienst wird ohne jegliche ausdr\u00fcckliche oder stillschweigende Gew\u00e4hrleistung zur Verf\u00fcgung gestellt, einschlie\u00dflich, aber nicht beschr\u00e4nkt auf stillschweigende Gew\u00e4hrleistungen der Marktg\u00e4ngigkeit, der Eignung f\u00fcr einen bestimmten Zweck, der Nichtverletzung von Rechten Dritter oder des Leistungsverlaufs.<\/p>\n<h2>Geltendes Recht<\/h2>\n<p>Diese Bedingungen unterliegen den Gesetzen von Mazedonien, Republik, ohne R\u00fccksicht auf die Bestimmungen des Kollisionsrechts.<\/p>\n<p>Unser Vers\u00e4umnis, ein Recht oder eine Bestimmung dieser Bedingungen durchzusetzen, gilt nicht als Verzicht auf diese Rechte. Sollte eine Bestimmung dieser Bedingungen von einem Gericht f\u00fcr ung\u00fcltig oder nicht durchsetzbar erkl\u00e4rt werden, bleiben die \u00fcbrigen Bestimmungen dieser Bedingungen in Kraft. Diese Bedingungen stellen die gesamte Vereinbarung zwischen uns in Bezug auf unseren Dienst dar und ersetzen alle fr\u00fcheren Vereinbarungen zwischen uns in Bezug auf den Dienst.<\/p>\n<h2>\u00c4nderungen<\/h2>\n<p>Wir behalten uns das Recht vor, diese Bedingungen jederzeit nach eigenem Ermessen zu \u00e4ndern oder zu ersetzen. Wenn eine \u00c4nderung wesentlich ist, werden wir versuchen, sie mindestens 30 Tage vor Inkrafttreten der neuen Bedingungen anzuk\u00fcndigen. Was eine wesentliche \u00c4nderung darstellt, wird nach unserem alleinigen Ermessen bestimmt.<\/p>\n<p>Indem Sie nach Inkrafttreten dieser \u00c4nderungen weiterhin auf unseren Dienst zugreifen oder ihn nutzen, erkl\u00e4ren Sie sich mit den \u00fcberarbeiteten Bedingungen einverstanden. Wenn Sie mit den neuen Bedingungen nicht einverstanden sind, beenden Sie bitte die Nutzung des Dienstes.<\/p>\n<h2>Kontaktieren Sie uns<\/h2>\n<p>Wenn Sie Fragen zu diesen Bedingungen haben, kontaktieren Sie uns bitte.<\/p>\n","protected":false},"excerpt":{"rendered":"<p>Bedingungen und Konditionen &nbsp; Zuletzt aktualisiert: 9. August 2021 Bitte lesen Sie diese Nutzungsbedingungen (&#8222;Bedingungen&#8220;, &#8222;Nutzungsbedingungen&#8220;) sorgf\u00e4ltig durch, bevor Sie die von (&#8222;uns&#8220;, &#8222;wir&#8220; oder &#8222;unser&#8220;) betriebene Website (der &#8222;Dienst&#8220;) nutzen. Ihr Zugang zu und Ihre Nutzung des Dienstes setzt voraus, dass Sie die vorliegenden Bedingungen akzeptieren und einhalten. Diese Bedingungen gelten f\u00fcr alle Besucher, [&hellip;]<\/p>\n","protected":false},"author":1,"featured_media":0,"parent":0,"menu_order":2,"comment_status":"closed","ping_status":"closed","template":"terms-conditions.php","meta":[],"yoast_head":"<!-- This site is optimized with the Yoast SEO plugin v17.0 - https:\/\/yoast.com\/wordpress\/plugins\/seo\/ -->\n<title>Bedingungen und Konditionen - Viron<\/title>\n<meta name=\"robots\" content=\"index, follow, max-snippet:-1, max-image-preview:large, max-video-preview:-1\" \/>\n<link rel=\"canonical\" href=\"https:\/\/viron.com.mk\/de\/terms-and-conditions\/\" \/>\n<meta property=\"og:locale\" content=\"de_DE\" \/>\n<meta property=\"og:type\" content=\"article\" \/>\n<meta property=\"og:title\" content=\"Bedingungen und Konditionen - Viron\" \/>\n<meta property=\"og:description\" content=\"Bedingungen und Konditionen &nbsp; Zuletzt aktualisiert: 9. August 2021 Bitte lesen Sie diese Nutzungsbedingungen (&#8222;Bedingungen&#8220;, &#8222;Nutzungsbedingungen&#8220;) sorgf\u00e4ltig durch, bevor Sie die von (&#8222;uns&#8220;, &#8222;wir&#8220; oder &#8222;unser&#8220;) betriebene Website (der &#8222;Dienst&#8220;) nutzen. Ihr Zugang zu und Ihre Nutzung des Dienstes setzt voraus, dass Sie die vorliegenden Bedingungen akzeptieren und einhalten. Diese Bedingungen gelten f\u00fcr alle Besucher, [&hellip;]\" \/>\n<meta property=\"og:url\" content=\"https:\/\/viron.com.mk\/de\/terms-and-conditions\/\" \/>\n<meta property=\"og:site_name\" content=\"Viron\" \/>\n<meta property=\"article:modified_time\" content=\"2021-09-09T08:29:57+00:00\" \/>\n<meta name=\"twitter:card\" content=\"summary_large_image\" \/>\n<meta name=\"twitter:label1\" content=\"Gesch\u00e4tzte Lesezeit\" \/>\n\t<meta name=\"twitter:data1\" content=\"3 Minuten\" \/>\n<script type=\"application\/ld+json\" class=\"yoast-schema-graph\">{\"@context\":\"https:\/\/schema.org\",\"@graph\":[{\"@type\":\"WebSite\",\"@id\":\"https:\/\/viron.com.mk\/#website\",\"url\":\"https:\/\/viron.com.mk\/\",\"name\":\"Viron\",\"description\":\"Viron\",\"potentialAction\":[{\"@type\":\"SearchAction\",\"target\":{\"@type\":\"EntryPoint\",\"urlTemplate\":\"https:\/\/viron.com.mk\/?s={search_term_string}\"},\"query-input\":\"required name=search_term_string\"}],\"inLanguage\":\"de-DE\"},{\"@type\":\"WebPage\",\"@id\":\"https:\/\/viron.com.mk\/de\/terms-and-conditions\/#webpage\",\"url\":\"https:\/\/viron.com.mk\/de\/terms-and-conditions\/\",\"name\":\"Bedingungen und Konditionen - Viron\",\"isPartOf\":{\"@id\":\"https:\/\/viron.com.mk\/#website\"},\"datePublished\":\"2021-08-09T15:23:31+00:00\",\"dateModified\":\"2021-09-09T08:29:57+00:00\",\"breadcrumb\":{\"@id\":\"https:\/\/viron.com.mk\/de\/terms-and-conditions\/#breadcrumb\"},\"inLanguage\":\"de-DE\",\"potentialAction\":[{\"@type\":\"ReadAction\",\"target\":[\"https:\/\/viron.com.mk\/de\/terms-and-conditions\/\"]}]},{\"@type\":\"BreadcrumbList\",\"@id\":\"https:\/\/viron.com.mk\/de\/terms-and-conditions\/#breadcrumb\",\"itemListElement\":[{\"@type\":\"ListItem\",\"position\":1,\"name\":\"Home\",\"item\":\"https:\/\/viron.com.mk\/de\/\"},{\"@type\":\"ListItem\",\"position\":2,\"name\":\"Bedingungen und Konditionen\"}]}]}<\/script>\n<!-- \/ Yoast SEO plugin. -->","yoast_head_json":{"title":"Bedingungen und Konditionen - Viron","robots":{"index":"index","follow":"follow","max-snippet":"max-snippet:-1","max-image-preview":"max-image-preview:large","max-video-preview":"max-video-preview:-1"},"canonical":"https:\/\/viron.com.mk\/de\/terms-and-conditions\/","og_locale":"de_DE","og_type":"article","og_title":"Bedingungen und Konditionen - Viron","og_description":"Bedingungen und Konditionen &nbsp; Zuletzt aktualisiert: 9. August 2021 Bitte lesen Sie diese Nutzungsbedingungen (&#8222;Bedingungen&#8220;, &#8222;Nutzungsbedingungen&#8220;) sorgf\u00e4ltig durch, bevor Sie die von (&#8222;uns&#8220;, &#8222;wir&#8220; oder &#8222;unser&#8220;) betriebene Website (der &#8222;Dienst&#8220;) nutzen. Ihr Zugang zu und Ihre Nutzung des Dienstes setzt voraus, dass Sie die vorliegenden Bedingungen akzeptieren und einhalten. Diese Bedingungen gelten f\u00fcr alle Besucher, [&hellip;]","og_url":"https:\/\/viron.com.mk\/de\/terms-and-conditions\/","og_site_name":"Viron","article_modified_time":"2021-09-09T08:29:57+00:00","twitter_card":"summary_large_image","twitter_misc":{"Gesch\u00e4tzte Lesezeit":"3 Minuten"},"schema":{"@context":"https:\/\/schema.org","@graph":[{"@type":"WebSite","@id":"https:\/\/viron.com.mk\/#website","url":"https:\/\/viron.com.mk\/","name":"Viron","description":"Viron","potentialAction":[{"@type":"SearchAction","target":{"@type":"EntryPoint","urlTemplate":"https:\/\/viron.com.mk\/?s={search_term_string}"},"query-input":"required name=search_term_string"}],"inLanguage":"de-DE"},{"@type":"WebPage","@id":"https:\/\/viron.com.mk\/de\/terms-and-conditions\/#webpage","url":"https:\/\/viron.com.mk\/de\/terms-and-conditions\/","name":"Bedingungen und Konditionen - Viron","isPartOf":{"@id":"https:\/\/viron.com.mk\/#website"},"datePublished":"2021-08-09T15:23:31+00:00","dateModified":"2021-09-09T08:29:57+00:00","breadcrumb":{"@id":"https:\/\/viron.com.mk\/de\/terms-and-conditions\/#breadcrumb"},"inLanguage":"de-DE","potentialAction":[{"@type":"ReadAction","target":["https:\/\/viron.com.mk\/de\/terms-and-conditions\/"]}]},{"@type":"BreadcrumbList","@id":"https:\/\/viron.com.mk\/de\/terms-and-conditions\/#breadcrumb","itemListElement":[{"@type":"ListItem","position":1,"name":"Home","item":"https:\/\/viron.com.mk\/de\/"},{"@type":"ListItem","position":2,"name":"Bedingungen und Konditionen"}]}]}},"_links":{"self":[{"href":"https:\/\/viron.com.mk\/de\/wp-json\/wp\/v2\/pages\/2709"}],"collection":[{"href":"https:\/\/viron.com.mk\/de\/wp-json\/wp\/v2\/pages"}],"about":[{"href":"https:\/\/viron.com.mk\/de\/wp-json\/wp\/v2\/types\/page"}],"author":[{"embeddable":true,"href":"https:\/\/viron.com.mk\/de\/wp-json\/wp\/v2\/users\/1"}],"replies":[{"embeddable":true,"href":"https:\/\/viron.com.mk\/de\/wp-json\/wp\/v2\/comments?post=2709"}],"version-history":[{"count":1,"href":"https:\/\/viron.com.mk\/de\/wp-json\/wp\/v2\/pages\/2709\/revisions"}],"predecessor-version":[{"id":2784,"href":"https:\/\/viron.com.mk\/de\/wp-json\/wp\/v2\/pages\/2709\/revisions\/2784"}],"wp:attachment":[{"href":"https:\/\/viron.com.mk\/de\/wp-json\/wp\/v2\/media?parent=2709"}],"curies":[{"name":"wp","href":"https:\/\/api.w.org\/{rel}","templated":true}]}}